{"id":12,"date":"2014-06-04T11:02:33","date_gmt":"2014-06-04T14:02:33","guid":{"rendered":"http:\/\/www.conectorsolucoes.com.br\/site\/?page_id=12"},"modified":"2018-07-29T12:29:17","modified_gmt":"2018-07-29T15:29:17","slug":"contato","status":"publish","type":"page","link":"https:\/\/www.sinplus.com.br\/site\/contato\/","title":{"rendered":"Contato"},"content":{"rendered":"<p style=\"text-align: left;\">*<strong>Caro Cliente<\/strong>: contrate aqui a sua instala\u00e7\u00e3o, reparo ou or\u00e7amento da sua Cerca El\u00e9trica, Motor para Port\u00e3o, Alarmes, Interfones, Telefonia \u00a0e outros servi\u00e7os prestados pela equipe t\u00e9cnica.<br \/>\n<strong>Corpora\u00e7\u00f5es<\/strong>:<br \/>\na)Fechamos contratos com franquias personalizadas em manuten\u00e7\u00f5es, por hora, quantitativos de atendimentos, entre outros, conforme for mais adequando ao interesse da sua empresa! Atendemos na zona rural<br \/>\nb)Atendemos o seu cliente em seu nome, e enviamos a ordem de servi\u00e7o a voc\u00ea.<\/p>\n<h3>Cidades Pr\u00f3ximas atendidas (Alto Araguaia, Alto Gar\u00e7as, Alto Taquari, Ponte Branca, Araguainha, Portel\u00e2ndia, Mineiros). Excepcionalmente: (Rondon\u00f3polis)<\/h3>\n<h2><strong>Comercial\/Contratos\/Franquias:<\/strong>\u00a0J\u00f4natas Oliveira<br \/>\nM\u00f3vel: (66)-9-9633-1869 (Vivo) &#8211; Preferencial<br \/>\nOutros: (66) 9-8437-5584 (Oi) | (66)3481-4285<br \/>\nEnvie-nos um Whattsapp com seus contatos que retornamos.<\/h2>\n<h3><strong>Nos encontre no facebook:\u00a0<a href=\"https:\/\/www.facebook.com\/sinplusti\/\">https:\/\/www.facebook.com\/sinplusti\/<\/a>\u00a0<\/strong><\/h3>\n<h3><\/h3>\n<h3><strong>Correspond\u00eancia:<br \/>\n<\/strong>Rua Antonio Leolpodino, 336 &#8211; Bairro Cohab 1<br \/>\nAlto Araguaia-MT &#8211; CEP: 78780-000 &#8211;\u00a0Fone: (66)9-9633-1869(Base)<\/h3>\n<h3><a href=\"https:\/\/www.sinplus.com.br\/site\/wp-content\/uploads\/2014\/06\/Veiculo-Sinplus.jpg\">\u00a0<\/a><a href=\"https:\/\/www.sinplus.com.br\/site\/wp-content\/uploads\/2014\/06\/Veiculo-Sinplus.jpg\"><img loading=\"lazy\" decoding=\"async\" class=\"alignnone size-full wp-image-158\" src=\"https:\/\/www.sinplus.com.br\/site\/wp-content\/uploads\/2014\/06\/Veiculo-Sinplus.jpg\" alt=\"\" width=\"960\" height=\"539\" srcset=\"https:\/\/www.sinplus.com.br\/site\/wp-content\/uploads\/2014\/06\/Veiculo-Sinplus.jpg 960w, https:\/\/www.sinplus.com.br\/site\/wp-content\/uploads\/2014\/06\/Veiculo-Sinplus-300x168.jpg 300w, https:\/\/www.sinplus.com.br\/site\/wp-content\/uploads\/2014\/06\/Veiculo-Sinplus-768x431.jpg 768w, https:\/\/www.sinplus.com.br\/site\/wp-content\/uploads\/2014\/06\/Veiculo-Sinplus-2x1.jpg 2w\" sizes=\"auto, (max-width: 960px) 100vw, 960px\" \/><\/a><\/h3>\n<h3><\/h3>\n<h3><\/h3>\n<iframe loading=\"lazy\" src=\"https:\/\/www.vcita.com\/widgets\/contact_form\/7672381f186d13b3?ver=2\" width=\"100%\" height=\"450px\"  scrolling=\"no\"  frameborder=\"0\" style=\" \">\n  <p>Please contact me via my contact form at vcita:<\/p>\n  <a href='https:\/\/www.vcita.com\/v\/7672381f186d13b3\/contact?invite=vr_cf_pb-7672381f186d13b3'>Contact Form for SIN PLUS<\/a>\n<\/iframe>\n<p>&nbsp;<\/p>\n","protected":false},"excerpt":{"rendered":"<p>*Caro Cliente: contrate aqui a sua instala\u00e7\u00e3o, reparo ou or\u00e7amento da sua Cerca El\u00e9trica, Motor para Port\u00e3o, Alarmes, Interfones, Telefonia \u00a0e outros servi\u00e7os prestados pela equipe t\u00e9cnica. Corpora\u00e7\u00f5es: a)Fechamos contratos com franquias personalizadas em manuten\u00e7\u00f5es, por hora, quantitativos de atendimentos, entre outros, conforme for mais adequando ao interesse da sua empresa! Atendemos na zona rural&#8230;<\/p>\n","protected":false},"author":1,"featured_media":0,"parent":0,"menu_order":0,"comment_status":"open","ping_status":"open","template":"","meta":{"footnotes":""},"class_list":["post-12","page","type-page","status-publish","hentry"],"_links":{"self":[{"href":"https:\/\/www.sinplus.com.br\/site\/wp-json\/wp\/v2\/pages\/12","targetHints":{"allow":["GET"]}}],"collection":[{"href":"https:\/\/www.sinplus.com.br\/site\/wp-json\/wp\/v2\/pages"}],"about":[{"href":"https:\/\/www.sinplus.com.br\/site\/wp-json\/wp\/v2\/types\/page"}],"author":[{"embeddable":true,"href":"https:\/\/www.sinplus.com.br\/site\/wp-json\/wp\/v2\/users\/1"}],"replies":[{"embeddable":true,"href":"https:\/\/www.sinplus.com.br\/site\/wp-json\/wp\/v2\/comments?post=12"}],"version-history":[{"count":36,"href":"https:\/\/www.sinplus.com.br\/site\/wp-json\/wp\/v2\/pages\/12\/revisions"}],"predecessor-version":[{"id":234,"href":"https:\/\/www.sinplus.com.br\/site\/wp-json\/wp\/v2\/pages\/12\/revisions\/234"}],"wp:attachment":[{"href":"https:\/\/www.sinplus.com.br\/site\/wp-json\/wp\/v2\/media?parent=12"}],"curies":[{"name":"wp","href":"https:\/\/api.w.org\/{rel}","templated":true}]}}